{"id":12786,"date":"2023-08-18T14:14:17","date_gmt":"2023-08-18T14:14:17","guid":{"rendered":"https:\/\/www.dausnart.com\/pie-de-imprenta\/"},"modified":"2023-09-13T12:59:09","modified_gmt":"2023-09-13T12:59:09","slug":"pie-de-imprenta","status":"publish","type":"page","link":"https:\/\/www.dausnart.com\/es\/pie-de-imprenta\/","title":{"rendered":"Pie de imprenta"},"content":{"rendered":"\n<!-- Legal document generated by Complianz | GDPR\/CCPA Cookie Consent https:\/\/wordpress.org\/plugins\/complianz-gdpr -->\n<div id=\"cmplz-document\" class=\"cmplz-document impressum cmplz-document-all\"><p><i>Este aviso legal \/ imprint fue actualizado por \u00faltima vez el julio 9, 2025.<\/i><\/p><p class=\"cmplz-subtitle\">El propietario de esta web es:<\/p><p>DausnArt\u00ae Limited liability company<br>Parada, 11, 20015 Donostia, Gipuzkoa, The Basque Country<br>Espa\u00f1a<br>Correo electr\u00f3nico:&nbsp;<span class=\"cmplz-obfuscate\">&#099;&#111;n&#116;a&#099;t@<span class=\"cmplz-fmail-domain\">&#101;x&#046;co&#109;<\/span>d&#097;&#117;sna&#114;t&#046;&#099;&#111;m<\/span><br>N\u00famero de tel\u00e9fono: +34 639 626 858<br>CIF (N\u00famero de IVA):&nbsp;B10572741<\/p><p class=\"cmplz-subtitle\">El\/Los representante\/s legal\/es de DausnArt\u00ae Limited liability company:<\/p><p>Enneco-Gotzon Ares<\/p><h2>1. General<\/h2><p class=\"cmplz-subtitle\">1.1 Estamos registrados en GIPUZKOA Mercantile Register bajo el n\u00famero de licencia o registro:<\/p><p>EUID: ES20014.000236165<\/p><p class=\"cmplz-subtitle\">1.2 El nombre de nuestra autoridad supervisora es: <\/p><p>Donostia-San Sebasti\u00e1n City Council<\/p><p class=\"cmplz-subtitle\">1.3 En nuestra web mostramos servicios o productos que requieren el registro en la siguiente asociaci\u00f3n profesional:<\/p><p>Official College of Basque-Navarrese Architects<\/p><p class=\"cmplz-subtitle\">1.4 Las siguientes Normas y Regulaciones profesionales se aplican a nuestra organizaci\u00f3n:<\/p><p>1] Law 38\/1999, 5 November, on Building Regulations; 2] Royal Decree 314\/2006, 17 March, approving the Technical Building Code; 3] Law 2\/2006, 30 June, on Land and Town Planning; 4] Law 4\/2015, 25 June, for the prevention and correction of soil pollution<\/p><p>Puede acceder a estas normas y reglamentos aqu\u00ed:<br \/>1] https:\/\/www.boe.es\/buscar\/act.php?id=BOE-A-1999-21567; 2] https:\/\/www.boe.es\/buscar\/doc.php?id=BOE-A-2006-5515; 3] https:\/\/www.boe.es\/buscar\/doc.php?id=BOE-A-2011-17400; 4] https:\/\/www.boe.es\/diario_boe\/txt.php?id=BOE-A-2015-8272<\/p><p>Estamos dispuestos u obligados a participar en procedimientos de resoluci\u00f3n de conflictos ante una junta de arbitraje de consumo.<\/p><h2>2. La siguiente informaci\u00f3n es obligatoria seg\u00fan la legislaci\u00f3n alemana.<\/h2><\/div>\n","protected":false},"excerpt":{"rendered":"","protected":false},"author":1,"featured_media":0,"parent":0,"menu_order":0,"comment_status":"closed","ping_status":"closed","template":"","meta":{"advanced_seo_description":"","jetpack_seo_html_title":"","jetpack_seo_noindex":false,"footnotes":""},"class_list":["post-12786","page","type-page","status-publish","hentry"],"jetpack-related-posts":[],"jetpack_sharing_enabled":true,"_links":{"self":[{"href":"https:\/\/www.dausnart.com\/es\/wp-json\/wp\/v2\/pages\/12786","targetHints":{"allow":["GET"]}}],"collection":[{"href":"https:\/\/www.dausnart.com\/es\/wp-json\/wp\/v2\/pages"}],"about":[{"href":"https:\/\/www.dausnart.com\/es\/wp-json\/wp\/v2\/types\/page"}],"author":[{"embeddable":true,"href":"https:\/\/www.dausnart.com\/es\/wp-json\/wp\/v2\/users\/1"}],"replies":[{"embeddable":true,"href":"https:\/\/www.dausnart.com\/es\/wp-json\/wp\/v2\/comments?post=12786"}],"version-history":[{"count":1,"href":"https:\/\/www.dausnart.com\/es\/wp-json\/wp\/v2\/pages\/12786\/revisions"}],"predecessor-version":[{"id":13592,"href":"https:\/\/www.dausnart.com\/es\/wp-json\/wp\/v2\/pages\/12786\/revisions\/13592"}],"wp:attachment":[{"href":"https:\/\/www.dausnart.com\/es\/wp-json\/wp\/v2\/media?parent=12786"}],"curies":[{"name":"wp","href":"https:\/\/api.w.org\/{rel}","templated":true}]}}