{"id":13348,"date":"2023-08-18T17:56:21","date_gmt":"2023-08-18T17:56:21","guid":{"rendered":"https:\/\/www.dausnart.com\/declaracion-de-privacidad-eeuu\/"},"modified":"2023-09-13T13:10:46","modified_gmt":"2023-09-13T13:10:46","slug":"declaracion-de-privacidad-eeuu","status":"publish","type":"page","link":"https:\/\/www.dausnart.com\/es\/declaracion-de-privacidad-eeuu\/","title":{"rendered":"Declaraci\u00f3n de privacidad (EEUU)"},"content":{"rendered":"\n<!-- Legal document generated by Complianz | GDPR\/CCPA Cookie Consent https:\/\/wordpress.org\/plugins\/complianz-gdpr -->\n<div id=\"cmplz-document\" class=\"cmplz-document privacy-statement cmplz-document-us\"><p><i>This privacy statement was last changed on julio 9, 2025, last checked on julio 9, 2025, and applies to citizens and legal permanent residents of the United States.<\/i><br \/><br \/><\/p><p>In this privacy statement, we explain what we do with the data we obtain about you via <a href=\"https:\/\/www.dausnart.com\/es\/\">https:\/\/www.dausnart.com\/es\/<\/a>. We recommend you carefully read this statement. In our processing we comply with the requirements of privacy legislation. That means, among other things, that:<ul>\n                <li>we clearly state the purposes for which we process personal data. We do this by means of this privacy statement;<\/li>\n                <li>we aim to limit our collection of personal data to only the personal data required for legitimate purposes;<\/li>\n                <li>we first request your explicit consent to process your personal data in cases requiring your consent;<\/li>\n                <li>we take appropriate security measures to protect your personal data and also require this from parties that process personal data on our behalf;<\/li>\n                <li>we respect your right to access your personal data or have it corrected or deleted, at your request.<\/li>\n            <\/ul><\/p><p>If you have any questions, or want to know exactly what data we keep of you, please contact us.<\/p><h2>1. Finalidad y categor\u00edas de datos<\/h2><p>Podemos recopilar o recibir informaci\u00f3n personal para un n\u00famero de prop\u00f3sitos relacionados con nuestras operaciones comerciales, que pueden incluir lo siguiente: (haga clic para expandir) <\/b><\/p><details class=\"cmplz-dropdown dropdown-privacy-statement\"><summary><div><h3>1.1 Contacto - Por tel\u00e9fono, correo, correo electr\u00f3nico y\/o formularios en el sitio<\/h3><\/div><\/summary><p class=\"cmplz-subtitle\">Las siguientes categor\u00edas de datos son recopiladas<\/p><p><ul><li>Un nombre y apellido<\/li><li>Nombre de cuenta o alias<\/li><li>Una direcci\u00f3n de casa u otra direcci\u00f3n f\u00edsica, incluyendo el nombre de la calle y el nombre de una ciudad o pueblo<\/li><li>Una direcci\u00f3n de correo electr\u00f3nico<\/li><li>Un n\u00famero de tel\u00e9fono<\/li><li>Direcci\u00f3n IP<\/li><li>Informaci\u00f3n sobre la actividad en internet, incluyendo, pero sin limitarse a, el historial de navegaci\u00f3n, el historial de b\u00fasqueda y la informaci\u00f3n relacionada con la interacci\u00f3n de un consumidor con una web, aplicaci\u00f3n o anuncio en internet<\/li><li>Datos de geolocalizaci\u00f3n<\/li><li>Fecha de nacimiento<\/li><li>Sexo<\/li><\/ul><\/p><p class=\"cmplz-subtitle\">Per\u00edodo de retenci\u00f3n<\/p><p>Retendremos estos datos hasta que el servicio sea cancelado.<\/p><\/details><details class=\"cmplz-dropdown dropdown-privacy-statement\"><summary><div><h3>1.2 Pagos<\/h3><\/div><\/summary><p class=\"cmplz-subtitle\">Las siguientes categor\u00edas de datos son recopiladas<\/p><p><ul><li>Un nombre y apellido<\/li><li>Nombre de cuenta o alias<\/li><li>Una direcci\u00f3n de casa u otra direcci\u00f3n f\u00edsica, incluyendo el nombre de la calle y el nombre de una ciudad o pueblo<\/li><li>Una direcci\u00f3n de correo electr\u00f3nico<\/li><li>Un n\u00famero de tel\u00e9fono<\/li><li>Direcci\u00f3n IP<\/li><li>Informaci\u00f3n sobre la actividad en internet, incluyendo, pero sin limitarse a, el historial de navegaci\u00f3n, el historial de b\u00fasqueda y la informaci\u00f3n relacionada con la interacci\u00f3n de un consumidor con una web, aplicaci\u00f3n o anuncio en internet<\/li><li>Datos de geolocalizaci\u00f3n<\/li><li>Fecha de nacimiento<\/li><li>Sexo<\/li><\/ul><\/p><p class=\"cmplz-subtitle\">Per\u00edodo de retenci\u00f3n<\/p><p>Retendremos estos datos hasta que el servicio sea cancelado.<\/p><\/details><details class=\"cmplz-dropdown dropdown-privacy-statement\"><summary><div><h3>1.3 Boletines de noticias<\/h3><\/div><\/summary><p class=\"cmplz-subtitle\">Las siguientes categor\u00edas de datos son recopiladas<\/p><p><ul><li>Un nombre y apellido<\/li><li>Nombre de cuenta o alias<\/li><li>Una direcci\u00f3n de casa u otra direcci\u00f3n f\u00edsica, incluyendo el nombre de la calle y el nombre de una ciudad o pueblo<\/li><li>Una direcci\u00f3n de correo electr\u00f3nico<\/li><li>Un n\u00famero de tel\u00e9fono<\/li><li>Direcci\u00f3n IP<\/li><li>Informaci\u00f3n sobre la actividad en internet, incluyendo, pero sin limitarse a, el historial de navegaci\u00f3n, el historial de b\u00fasqueda y la informaci\u00f3n relacionada con la interacci\u00f3n de un consumidor con una web, aplicaci\u00f3n o anuncio en internet<\/li><li>Datos de geolocalizaci\u00f3n<\/li><li>Fecha de nacimiento<\/li><li>Sexo<\/li><\/ul><\/p><p class=\"cmplz-subtitle\">Per\u00edodo de retenci\u00f3n<\/p><p>Retendremos estos datos hasta que el servicio sea cancelado.<\/p><\/details><details class=\"cmplz-dropdown dropdown-privacy-statement\"><summary><div><h3>1.4 Para dar soporte a servicios o productos que un cliente quiere comprar o ha comprado<\/h3><\/div><\/summary><p class=\"cmplz-subtitle\">Las siguientes categor\u00edas de datos son recopiladas<\/p><p><ul><li>Un nombre y apellido<\/li><li>Nombre de cuenta o alias<\/li><li>Una direcci\u00f3n de casa u otra direcci\u00f3n f\u00edsica, incluyendo el nombre de la calle y el nombre de una ciudad o pueblo<\/li><li>Una direcci\u00f3n de correo electr\u00f3nico<\/li><li>Un n\u00famero de tel\u00e9fono<\/li><li>Direcci\u00f3n IP<\/li><li>Informaci\u00f3n sobre la actividad en internet, incluyendo, pero sin limitarse a, el historial de navegaci\u00f3n, el historial de b\u00fasqueda y la informaci\u00f3n relacionada con la interacci\u00f3n de un consumidor con una web, aplicaci\u00f3n o anuncio en internet<\/li><li>Datos de geolocalizaci\u00f3n<\/li><li>Fecha de nacimiento<\/li><li>Sexo<\/li><\/ul><\/p><p class=\"cmplz-subtitle\">Per\u00edodo de retenci\u00f3n<\/p><p>Retendremos estos datos hasta que el servicio sea cancelado.<\/p><\/details><details class=\"cmplz-dropdown dropdown-privacy-statement\"><summary><div><h3>1.5 Para poder cumplir con las obligaciones legales<\/h3><\/div><\/summary><p class=\"cmplz-subtitle\">Las siguientes categor\u00edas de datos son recopiladas<\/p><p><ul><li>Un nombre y apellido<\/li><li>Nombre de cuenta o alias<\/li><li>Una direcci\u00f3n de casa u otra direcci\u00f3n f\u00edsica, incluyendo el nombre de la calle y el nombre de una ciudad o pueblo<\/li><li>Una direcci\u00f3n de correo electr\u00f3nico<\/li><li>Un n\u00famero de tel\u00e9fono<\/li><li>Direcci\u00f3n IP<\/li><li>Informaci\u00f3n sobre la actividad en internet, incluyendo, pero sin limitarse a, el historial de navegaci\u00f3n, el historial de b\u00fasqueda y la informaci\u00f3n relacionada con la interacci\u00f3n de un consumidor con una web, aplicaci\u00f3n o anuncio en internet<\/li><li>Datos de geolocalizaci\u00f3n<\/li><li>Fecha de nacimiento<\/li><li>Sexo<\/li><\/ul><\/p><p class=\"cmplz-subtitle\">Per\u00edodo de retenci\u00f3n<\/p><p>Retendremos estos datos hasta que el servicio sea cancelado.<\/p><\/details><details class=\"cmplz-dropdown dropdown-privacy-statement\"><summary><div><h3>1.6 Recopilaci\u00f3n y an\u00e1lisis de estad\u00edsticas para la mejora de la web.<\/h3><\/div><\/summary><p class=\"cmplz-subtitle\">Las siguientes categor\u00edas de datos son recopiladas<\/p><p><ul><li>Una direcci\u00f3n de casa u otra direcci\u00f3n f\u00edsica, incluyendo el nombre de la calle y el nombre de una ciudad o pueblo<\/li><li>Direcci\u00f3n IP<\/li><li>Informaci\u00f3n sobre la actividad en internet, incluyendo, pero sin limitarse a, el historial de navegaci\u00f3n, el historial de b\u00fasqueda y la informaci\u00f3n relacionada con la interacci\u00f3n de un consumidor con una web, aplicaci\u00f3n o anuncio en internet<\/li><li>Datos de geolocalizaci\u00f3n<\/li><li>Fecha de nacimiento<\/li><li>Sexo<\/li><\/ul><\/p><p class=\"cmplz-subtitle\">Per\u00edodo de retenci\u00f3n<\/p><p>Retendremos estos datos hasta que el servicio sea cancelado.<\/p><\/details><details class=\"cmplz-dropdown dropdown-privacy-statement\"><summary><div><h3>1.7 Para poder ofrecer productos y servicios personalizados.<\/h3><\/div><\/summary><p class=\"cmplz-subtitle\">Las siguientes categor\u00edas de datos son recopiladas<\/p><p><ul><li>Un nombre y apellido<\/li><li>Nombre de cuenta o alias<\/li><li>Una direcci\u00f3n de casa u otra direcci\u00f3n f\u00edsica, incluyendo el nombre de la calle y el nombre de una ciudad o pueblo<\/li><li>Una direcci\u00f3n de correo electr\u00f3nico<\/li><li>Un n\u00famero de tel\u00e9fono<\/li><li>Direcci\u00f3n IP<\/li><li>Informaci\u00f3n sobre la actividad en internet, incluyendo, pero sin limitarse a, el historial de navegaci\u00f3n, el historial de b\u00fasqueda y la informaci\u00f3n relacionada con la interacci\u00f3n de un consumidor con una web, aplicaci\u00f3n o anuncio en internet<\/li><li>Datos de geolocalizaci\u00f3n<\/li><li>Fecha de nacimiento<\/li><li>Sexo<\/li><\/ul><\/p><p class=\"cmplz-subtitle\">Per\u00edodo de retenci\u00f3n<\/p><p>Retendremos estos datos hasta que el servicio sea cancelado.<\/p><\/details><details class=\"cmplz-dropdown dropdown-privacy-statement\"><summary><div><h3>1.8 Vender o compartir los datos con un tercero<\/h3><\/div><\/summary><p class=\"cmplz-subtitle\">Las siguientes categor\u00edas de datos son recopiladas<\/p><p><ul><li>Direcci\u00f3n IP<\/li><li>Informaci\u00f3n sobre la actividad en internet, incluyendo, pero sin limitarse a, el historial de navegaci\u00f3n, el historial de b\u00fasqueda y la informaci\u00f3n relacionada con la interacci\u00f3n de un consumidor con una web, aplicaci\u00f3n o anuncio en internet<\/li><li>Datos de geolocalizaci\u00f3n<\/li><li>Fecha de nacimiento<\/li><li>Sexo<\/li><\/ul><\/p><p class=\"cmplz-subtitle\">Per\u00edodo de retenci\u00f3n<\/p><p>Retendremos estos datos hasta que el servicio sea cancelado.<\/p><\/details><h2>2. Sharing with other parties<\/h2><p>We only share or disclose this data to other recipients for the following purposes:<\/p><p><b>Purpose of the data transfer:<\/b>&nbsp;<br \/>\n             <b>Country or state in which this service provider is located:<\/b>&nbsp;<br \/><\/p><h2>3. Disclosure practices<\/h2><p><p>Divulgamos informaci\u00f3n personal si nos lo exige la ley o una orden judicial, en respuesta a un organismo encargado de hacer cumplir la ley, en la medida en que lo permitan otras disposiciones legales, para proporcionar informaci\u00f3n o para una investigaci\u00f3n sobre un asunto relacionado con la seguridad p\u00fablica.<\/p><p>Si nuestro sitio web o nuestra organizaci\u00f3n son adquiridos, vendidos o participan en una fusi\u00f3n o adquisici\u00f3n, sus datos podr\u00e1n ser revelados a nuestros asesores y a los posibles compradores, y se transmitir\u00e1n a los nuevos propietarios.<\/p><\/p><h2>4. How we respond to Do Not Track signals &amp; Global Privacy Control <\/h2><p>Our website responds to and supports the Do Not Track (DNT) header request field. If you turn DNT on in your browser, those preferences are communicated to us in the HTTP request header, and we will not track your browsing behavior.<\/p><h2>5. Cookies<\/h2><p>Our website uses cookies. For more information about cookies, please refer to our Cookie Policy on our <a href=\"https:\/\/www.dausnart.com\/es\/preferencias-de-exclusion\/\">Preferencias de exclusi\u00f3n<\/a> webpage.&nbsp;<\/p><p>We have concluded a data processing agreement with Google.<\/p><p>The inclusion of full IP addresses is blocked by us.<\/p><h2>6. Security<\/h2><p>We are committed to the security of personal data. We take appropriate security measures to limit abuse of and unauthorized access to personal data. This ensures that only the necessary persons have access to your data, that access to the data is protected, and that our security measures are regularly reviewed.<\/p><h2>7. Third-party websites<\/h2><p>This privacy statement does not apply to third-party websites connected by links on our website. We cannot guarantee that these third parties handle your personal data in a reliable or secure manner. We recommend you read the privacy statements of these websites prior to making use of these websites.<\/p><h2>8. Amendments to this privacy statement<\/h2><p>We reserve the right to make amendments to this privacy statement. It is recommended that you consult this privacy statement regularly in order to be aware of any changes. In addition, we will actively inform you wherever possible.<\/p><h2>9. Accessing and modifying your data<\/h2><p>If you have any questions or want to know which personal data we have about you, please contact us. Please make sure to always clearly state who you are, so that we can be certain that we do not modify or delete any data of the wrong person. We shall provide the requested information only upon receipt of a verifiable consumer request. You can contact us by using the information below. You have the following rights:<\/p><p class=\"cmplz-subtitle\">9.1 You have the following rights with respect to your personal data<\/p><ol class=\"alphabetic\">\n                        <li>You may submit a request for access to the data we process about you.<\/li>\n                        <li>You may object to the processing.<\/li>\n                        <li>You may request an overview, in a commonly used format, of the data we process about you.<\/li>\n                        <li>You may request correction or deletion of the data if it is incorrect or not or no longer relevant, or to ask to restrict the processing of the data.<\/li>\n                        <li>You may appeal our decision whenever we refuse to take action on a request and submit a complaint with the competent authority if your appeal is denied.<\/li>\n                      <\/ol><h2>10. Children<\/h2><p>Our website is not designed to attract children and it is not our intent to collect personal data from children under the age of consent in their country of residence. We therefore request that children under the age of consent do not submit any personal data to us.<\/p><h2>11. Contact details<\/h2><p>DausnArt\u00ae<br \/>\n        Parada, 11, 20015 Donostia, Gipuzkoa, The Basque Country<br \/>\n        Espa\u00f1a<br \/>\n        Website: <a href=\"https:\/\/www.dausnart.com\/es\/\">https:\/\/www.dausnart.com\/es\/<\/a> <br \/>\n        Email: <span class=\"cmplz-obfuscate\">c&#111;nt&#097;ct@<span class=\"cmplz-fmail-domain\">e&#120;&#046;&#099;&#111;m<\/span>d&#097;&#117;sna&#114;t&#046;&#099;&#111;m<\/span> <br \/>\n        Toll free phone number: +34 639 626 858<br \/>\n        N\u00famero de tel\u00e9fono: +34 639 626 858<\/p><h2>12. Data Requests<\/h2><p>For the most frequently submitted requests, we also offer you the possibility to use our data request form<br \/>\t\t\t<div class=\"cmplz-datarequest cmplz-alert\">\n\t\t\t\t<span class=\"cmplz-close\">&times;<\/span>\n\t\t\t\t<span id=\"cmplz-message\"><\/span>\n\t\t\t<\/div>\n\t\t\t<form id=\"cmplz-datarequest-form\">\n\t\t\t\t<input type=\"hidden\" required value=\"us\" name=\"cmplz_datarequest_region\" id=\"cmplz_datarequest_region\">\n\n\t\t\t\t<label for=\"cmplz_datarequest_firstname\" class=\"cmplz-first-name\">Nombre\t\t\t\t\t<input type=\"search\" class=\"datarequest-firstname\" value=\"\" placeholder=\"your first name\" id=\"cmplz_datarequest_firstname\" name=\"cmplz_datarequest_firstname\">\n\t\t\t\t<\/label>\n\t\t\t\t<div>\n\t\t\t\t\t<label for=\"cmplz_datarequest_name\">Nombre<\/label>\n\t\t\t\t\t<input type=\"text\" required value=\"\" placeholder=\"Tu nombre\" id=\"cmplz_datarequest_name\" name=\"cmplz_datarequest_name\">\n\t\t\t\t<\/div>\n\t\t\t\t<div>\n\t\t\t\t\t<label for=\"cmplz_datarequest_email\">Correo electr\u00f3nico<\/label>\n\t\t\t\t\t<input type=\"email\" required value=\"\" placeholder=\"email@email.com\" id=\"cmplz_datarequest_email\" name=\"cmplz_datarequest_email\">\n\t\t\t\t<\/div>\n\t\t\t\t\t\t\t\t\t\t<div class=\"cmplz_datarequest cmplz_datarequest_request_for_access\">\n\t\t\t\t\t\t\t<label for=\"cmplz_datarequest_request_for_access\">\n\t\t\t\t\t\t\t\t<input type=\"checkbox\" value=\"1\" name=\"cmplz_datarequest_request_for_access\" id=\"cmplz_datarequest_request_for_access\" \/>\n\t\t\t\t\t\t\t\tPresentar una solicitud de acceso a los datos que tratamos sobre usted.\t\t\t\t\t\t\t<\/label>\n\t\t\t\t\t\t<\/div>\n\t\t\t\t\t\t\t\t\t\t<div class=\"cmplz_datarequest cmplz_datarequest_right_to_be_forgotten\">\n\t\t\t\t\t\t\t<label for=\"cmplz_datarequest_right_to_be_forgotten\">\n\t\t\t\t\t\t\t\t<input type=\"checkbox\" value=\"1\" name=\"cmplz_datarequest_right_to_be_forgotten\" id=\"cmplz_datarequest_right_to_be_forgotten\" \/>\n\t\t\t\t\t\t\t\tPresentar una solicitud de supresi\u00f3n de los datos si ya no son pertinentes.\t\t\t\t\t\t\t<\/label>\n\t\t\t\t\t\t<\/div>\n\t\t\t\t\t\t\t\t\t\t<div class=\"cmplz_datarequest cmplz_datarequest_right_to_data_portability\">\n\t\t\t\t\t\t\t<label for=\"cmplz_datarequest_right_to_data_portability\">\n\t\t\t\t\t\t\t\t<input type=\"checkbox\" value=\"1\" name=\"cmplz_datarequest_right_to_data_portability\" id=\"cmplz_datarequest_right_to_data_portability\" \/>\n\t\t\t\t\t\t\t\tPresentar una solicitud para recibir un archivo de exportaci\u00f3n de los datos que tratamos sobre usted.\t\t\t\t\t\t\t<\/label>\n\t\t\t\t\t\t<\/div>\n\t\t\t\t\t\t\t\t<input type=\"button\" id=\"cmplz-datarequest-submit\" value=\"Enviar\">\n\t\t\t<\/form>\n\n\t\t\t<style>\n\t\t\t\t\/* first-name is honeypot *\/\n\t\t\t\t.cmplz-first-name {\n\t\t\t\t\tposition: absolute !important;\n\t\t\t\t\tleft: -5000px !important;\n\t\t\t\t}\n\t\t\t<\/style>\n\t\t\t<\/p><h2>Annex<\/h2><p><h3>WPML<\/h3>\r\nWPML uses cookies to identify the visitor\u2019s current language, the last visited language and the language of users who have logged in.\r\n\r\nWhile you use the plugin, WPML will share data regarding the site through Installer. No data from the user itself will be shared.\r\n<h3>WPML Media Translation<\/h3>\r\nWPML Media Translation will send the email address and name of each manager and assigned translator as well as the content itself to Advanced Translation Editor and to the translation services which are used.\r\n<h3>WPML Translation Management<\/h3>\r\nWPML Translation Management will send the email address and name of each manager and assigned translator as well as the content itself to Advanced Translation Editor and to the translation services which are used.\r\n<h3>WPML String Translation<\/h3>\r\nWPML String Translation will send all strings to WPML\u2019s Advanced Translation Editor and to the translation services which are used.\r\n<h3>Burst Statistics<\/h3>\r\nThis website uses Burst Statistics, a Privacy-Friendly Statistics Tool to analyze visitor behavior. For this functionality we (this website) collect anonymized data, stored locally without sharing it with other parties. For more information, please read the <a href=\"https:\/\/burst-statistics.com\/legal\/privacy-statement\/\" target=\"_blank\" rel=\"noopener\"> Privacy Statement <\/a> from Burst.\r\n<h3>Really Simple SSL<\/h3>\r\nReally Simple SSL and Really Simple SSL add-ons do not process any personal identifiable information, so the GDPR does not apply to these plugins or usage of these plugins on your website. You can find our privacy policy <a href=\"https:\/\/really-simple-ssl.com\/privacy-statement\/\" target=\"_blank\" rel=\"noopener\">here<\/a>.\r\n<h3>Complianz | The Privacy Suite for WordPress<\/h3>\r\nThis website uses the Privacy Suite for WordPress from Complianz to collect records of consent.\u00a0For this functionality your IP address is anonymized and stored in our database.\u00a0For more information, see the Complianz <a href=\"https:\/\/complianz.io\/privacy-statement\/\" target=\"_blank\" rel=\"noopener\">Privacy Statement<\/a>.<\/p><\/div>\n","protected":false},"excerpt":{"rendered":"","protected":false},"author":1,"featured_media":0,"parent":0,"menu_order":0,"comment_status":"closed","ping_status":"closed","template":"","meta":{"advanced_seo_description":"","jetpack_seo_html_title":"","jetpack_seo_noindex":false,"footnotes":""},"class_list":["post-13348","page","type-page","status-publish","hentry"],"jetpack-related-posts":[],"jetpack_sharing_enabled":true,"_links":{"self":[{"href":"https:\/\/www.dausnart.com\/es\/wp-json\/wp\/v2\/pages\/13348","targetHints":{"allow":["GET"]}}],"collection":[{"href":"https:\/\/www.dausnart.com\/es\/wp-json\/wp\/v2\/pages"}],"about":[{"href":"https:\/\/www.dausnart.com\/es\/wp-json\/wp\/v2\/types\/page"}],"author":[{"embeddable":true,"href":"https:\/\/www.dausnart.com\/es\/wp-json\/wp\/v2\/users\/1"}],"replies":[{"embeddable":true,"href":"https:\/\/www.dausnart.com\/es\/wp-json\/wp\/v2\/comments?post=13348"}],"version-history":[{"count":1,"href":"https:\/\/www.dausnart.com\/es\/wp-json\/wp\/v2\/pages\/13348\/revisions"}],"predecessor-version":[{"id":13613,"href":"https:\/\/www.dausnart.com\/es\/wp-json\/wp\/v2\/pages\/13348\/revisions\/13613"}],"wp:attachment":[{"href":"https:\/\/www.dausnart.com\/es\/wp-json\/wp\/v2\/media?parent=13348"}],"curies":[{"name":"wp","href":"https:\/\/api.w.org\/{rel}","templated":true}]}}